{"id":124,"date":"2021-10-19T11:59:47","date_gmt":"2021-10-19T11:59:47","guid":{"rendered":"https:\/\/servcli.com\/portal\/about\/"},"modified":"2024-03-13T15:31:21","modified_gmt":"2024-03-13T15:31:21","slug":"about","status":"publish","type":"page","link":"https:\/\/servcli.com\/portal\/about\/","title":{"rendered":"About"},"content":{"rendered":"\t\t<div data-elementor-type=\"wp-post\" data-elementor-id=\"124\" class=\"elementor elementor-124\" data-elementor-settings=\"[]\">\n\t\t\t\t\t\t\t<div class=\"elementor-section-wrap\">\n\t\t\t\t\t\t\t<section class=\"elementor-section elementor-top-section elementor-element elementor-element-4da180e elementor-section-height-min-height elementor-section-boxed elementor-section-height-default elementor-section-items-middle\" data-id=\"4da180e\" data-element_type=\"section\" data-settings=\"{&quot;background_background&quot;:&quot;classic&quot;}\">\n\t\t\t\t\t\t<div class=\"elementor-container elementor-column-gap-default\">\n\t\t\t\t\t<div class=\"elementor-column elementor-col-100 elementor-top-column elementor-element elementor-element-376351bb\" data-id=\"376351bb\" data-element_type=\"column\">\n\t\t\t<div class=\"elementor-widget-wrap elementor-element-populated\">\n\t\t\t\t\t\t\t\t<div class=\"elementor-element elementor-element-4917100f elementor-widget elementor-widget-text-editor\" data-id=\"4917100f\" data-element_type=\"widget\" data-widget_type=\"text-editor.default\">\n\t\t\t\t<div class=\"elementor-widget-container\">\n\t\t\t\t\t\t\t\t\t\t\t\t\t<\/div>\n\t\t\t\t<\/div>\n\t\t\t\t<div class=\"elementor-element elementor-element-787b53c5 elementor-widget elementor-widget-heading\" data-id=\"787b53c5\" data-element_type=\"widget\" data-widget_type=\"heading.default\">\n\t\t\t\t<div class=\"elementor-widget-container\">\n\t\t\t<h1 class=\"elementor-heading-title elementor-size-default\">Nosotros<\/h1>\t\t<\/div>\n\t\t\t\t<\/div>\n\t\t\t\t\t<\/div>\n\t\t<\/div>\n\t\t\t\t\t\t\t<\/div>\n\t\t<\/section>\n\t\t\t\t<section class=\"elementor-section elementor-top-section elementor-element elementor-element-3b27c6a9 elementor-section-boxed elementor-section-height-default elementor-section-height-default\" data-id=\"3b27c6a9\" data-element_type=\"section\">\n\t\t\t\t\t\t<div class=\"elementor-container elementor-column-gap-default\">\n\t\t\t\t\t<div class=\"elementor-column elementor-col-50 elementor-top-column elementor-element elementor-element-36dd76c5\" data-id=\"36dd76c5\" data-element_type=\"column\">\n\t\t\t<div class=\"elementor-widget-wrap elementor-element-populated\">\n\t\t\t\t\t\t\t\t<div class=\"elementor-element elementor-element-51df0cf4 elementor-widget elementor-widget-heading\" data-id=\"51df0cf4\" data-element_type=\"widget\" data-widget_type=\"heading.default\">\n\t\t\t\t<div class=\"elementor-widget-container\">\n\t\t\t<h2 class=\"elementor-heading-title elementor-size-default\">SIEMPRE UN PASO\n <br>ADELANTE<\/h2>\t\t<\/div>\n\t\t\t\t<\/div>\n\t\t\t\t\t<\/div>\n\t\t<\/div>\n\t\t\t\t<div class=\"elementor-column elementor-col-50 elementor-top-column elementor-element elementor-element-42c1f58c\" data-id=\"42c1f58c\" data-element_type=\"column\">\n\t\t\t<div class=\"elementor-widget-wrap elementor-element-populated\">\n\t\t\t\t\t\t\t\t<div class=\"elementor-element elementor-element-1a551ddd elementor-widget elementor-widget-text-editor\" data-id=\"1a551ddd\" data-element_type=\"widget\" data-widget_type=\"text-editor.default\">\n\t\t\t\t<div class=\"elementor-widget-container\">\n\t\t\t\t\t\t\t<p>Estamos a su servicio desde 1983, comprometidos desde un inicio con la responsabilidad de brindarle a nuestros clientes un servicio de calidad en estricto cumplimiento con las normas aduaneras.<\/p><p>Para lograr este objetivo contamos con profesionales altamente calificados y de gran experiencia que podr\u00e1n brindarles asesor\u00eda permanente en todos los procedimientos y etapas del despacho aduanero. Ofrecemos soluciones log\u00edsticas integrales para facilitar el proceso y ofrecer un servicio de acuerdo a sus requerimientos, con el objetivo de convertirnos en el aliado estrat\u00e9gico que nuestros clientes necesitan para optimizar los procesos y reducir los costos.<\/p>\t\t\t\t\t\t<\/div>\n\t\t\t\t<\/div>\n\t\t\t\t\t<\/div>\n\t\t<\/div>\n\t\t\t\t\t\t\t<\/div>\n\t\t<\/section>\n\t\t\t\t\t\t<\/div>\n\t\t\t\t\t<\/div>\n\t\t","protected":false},"excerpt":{"rendered":"<p>Nosotros SIEMPRE UN PASO ADELANTE Estamos a su servicio desde 1983, comprometidos desde un inicio con la responsabilidad de brindarle a nuestros clientes un servicio de calidad en estricto cumplimiento con las normas aduaneras. Para lograr este objetivo contamos con profesionales altamente calificados y de gran experiencia que podr\u00e1n brindarles asesor\u00eda permanente en todos los&hellip; <a class=\"more-link\" href=\"https:\/\/servcli.com\/portal\/about\/\">Seguir leyendo <span class=\"screen-reader-text\">About<\/span><\/a><\/p>\n","protected":false},"author":1,"featured_media":0,"parent":0,"menu_order":0,"comment_status":"closed","ping_status":"closed","template":"elementor_header_footer","meta":{"footnotes":""},"class_list":["post-124","page","type-page","status-publish","hentry","entry"],"_links":{"self":[{"href":"https:\/\/servcli.com\/portal\/wp-json\/wp\/v2\/pages\/124","targetHints":{"allow":["GET"]}}],"collection":[{"href":"https:\/\/servcli.com\/portal\/wp-json\/wp\/v2\/pages"}],"about":[{"href":"https:\/\/servcli.com\/portal\/wp-json\/wp\/v2\/types\/page"}],"author":[{"embeddable":true,"href":"https:\/\/servcli.com\/portal\/wp-json\/wp\/v2\/users\/1"}],"replies":[{"embeddable":true,"href":"https:\/\/servcli.com\/portal\/wp-json\/wp\/v2\/comments?post=124"}],"version-history":[{"count":44,"href":"https:\/\/servcli.com\/portal\/wp-json\/wp\/v2\/pages\/124\/revisions"}],"predecessor-version":[{"id":452,"href":"https:\/\/servcli.com\/portal\/wp-json\/wp\/v2\/pages\/124\/revisions\/452"}],"wp:attachment":[{"href":"https:\/\/servcli.com\/portal\/wp-json\/wp\/v2\/media?parent=124"}],"curies":[{"name":"wp","href":"https:\/\/api.w.org\/{rel}","templated":true}]}}