{"id":645,"date":"2024-11-10T14:26:46","date_gmt":"2024-11-10T14:26:46","guid":{"rendered":"https:\/\/servcli.com\/maritza\/?page_id=645"},"modified":"2024-11-10T17:37:27","modified_gmt":"2024-11-10T17:37:27","slug":"tarifas","status":"publish","type":"page","link":"https:\/\/servcli.com\/maritza\/tarifas\/","title":{"rendered":"Tarifas"},"content":{"rendered":"\t\t<div data-elementor-type=\"wp-page\" data-elementor-id=\"645\" class=\"elementor elementor-645\" data-elementor-settings=\"[]\">\n\t\t\t\t\t\t\t<div class=\"elementor-section-wrap\">\n\t\t\t\t\t\t\t<section class=\"elementor-section elementor-top-section elementor-element elementor-element-e2afc38 elementor-section-boxed elementor-section-height-default elementor-section-height-default\" data-id=\"e2afc38\" data-element_type=\"section\">\n\t\t\t\t\t\t<div class=\"elementor-container elementor-column-gap-default\">\n\t\t\t\t\t<div class=\"elementor-column elementor-col-100 elementor-top-column elementor-element elementor-element-ab18a55\" data-id=\"ab18a55\" data-element_type=\"column\">\n\t\t\t<div class=\"elementor-widget-wrap elementor-element-populated\">\n\t\t\t\t\t\t\t\t<div class=\"elementor-element elementor-element-d456a73 elementor-tabs-view-horizontal elementor-widget elementor-widget-tabs\" data-id=\"d456a73\" data-element_type=\"widget\" data-widget_type=\"tabs.default\">\n\t\t\t\t<div class=\"elementor-widget-container\">\n\t\t\t\t\t<div class=\"elementor-tabs\">\n\t\t\t<div class=\"elementor-tabs-wrapper\" role=\"tablist\" >\n\t\t\t\t\t\t\t\t\t<div id=\"elementor-tab-title-2221\" class=\"elementor-tab-title elementor-tab-desktop-title\" aria-selected=\"true\" data-tab=\"1\" role=\"tab\" tabindex=\"0\" aria-controls=\"elementor-tab-content-2221\" aria-expanded=\"false\">Importaci\u00f3n para el consumo<\/div>\n\t\t\t\t\t\t\t\t\t<div id=\"elementor-tab-title-2222\" class=\"elementor-tab-title elementor-tab-desktop-title\" aria-selected=\"false\" data-tab=\"2\" role=\"tab\" tabindex=\"-1\" aria-controls=\"elementor-tab-content-2222\" aria-expanded=\"false\">Exportaci\u00f3n definitiva<\/div>\n\t\t\t\t\t\t\t\t\t<div id=\"elementor-tab-title-2223\" class=\"elementor-tab-title elementor-tab-desktop-title\" aria-selected=\"false\" data-tab=\"3\" role=\"tab\" tabindex=\"-1\" aria-controls=\"elementor-tab-content-2223\" aria-expanded=\"false\">Operaciones temporales<\/div>\n\t\t\t\t\t\t\t<\/div>\n\t\t\t<div class=\"elementor-tabs-content-wrapper\" role=\"tablist\" aria-orientation=\"vertical\">\n\t\t\t\t\t\t\t\t\t<div class=\"elementor-tab-title elementor-tab-mobile-title\" aria-selected=\"true\" data-tab=\"1\" role=\"tab\" tabindex=\"0\" aria-controls=\"elementor-tab-content-2221\" aria-expanded=\"false\">Importaci\u00f3n para el consumo<\/div>\n\t\t\t\t\t<div id=\"elementor-tab-content-2221\" class=\"elementor-tab-content elementor-clearfix\" data-tab=\"1\" role=\"tabpanel\" aria-labelledby=\"elementor-tab-title-2221\" tabindex=\"0\" hidden=\"false\"><table><tbody><tr><td><b>Concepto<\/b><\/td><td><b>Importe<\/b><\/td><\/tr><tr><td>Comisi\u00f3n M\u00ednima<\/td><td>$ 200.00<\/td><\/tr><tr><td>Comisi\u00f3n porcentual<\/td><td>0.40% del CIF<\/td><\/tr><tr><td>Gastos Operativos<\/td><td>$ 80.00<\/td><\/tr><tr><td>Gasttos Administrativos<\/td><td>$ 50.00<\/td><\/tr><tr><td>A. Fisico\/Previo\/Senasa\/Trasegado<\/td><td>$ 100.00<\/td><\/tr><tr><td colspan=\"2\">Atenci\u00f3n de cada servicio: 24 a 48 Horas &#8211; Tiempo Aproximado<\/td><\/tr><\/tbody><\/table><\/div>\n\t\t\t\t\t\t\t\t\t<div class=\"elementor-tab-title elementor-tab-mobile-title\" aria-selected=\"false\" data-tab=\"2\" role=\"tab\" tabindex=\"-1\" aria-controls=\"elementor-tab-content-2222\" aria-expanded=\"false\">Exportaci\u00f3n definitiva<\/div>\n\t\t\t\t\t<div id=\"elementor-tab-content-2222\" class=\"elementor-tab-content elementor-clearfix\" data-tab=\"2\" role=\"tabpanel\" aria-labelledby=\"elementor-tab-title-2222\" tabindex=\"0\" hidden=\"hidden\"><table>\n<tbody>\n<tr>\n<td>Concepto<\/td>\n<td>Importe<\/td>\n<\/tr>\n<tr>\n<td>Comisi\u00f3n M\u00ednima<\/td>\n<td>$ 150.00<\/td>\n<\/tr>\n<tr>\n<td>Comisi\u00f3n -> 1 Contenedor<\/td>\n<td> $100.00<\/td>\n<\/tr>\n<tr>\n<td>Gastos Operativos<\/td>\n<td>$ 50.00<\/td>\n<\/tr>\n<tr>\n<td>Gasttos Administrativos<\/td>\n<td>$ 50.00<\/td>\n<\/tr>\n<tr>\n<td>A. Fisico\/Previo\/Senasa\/Trasegado<\/td>\n<td>$ 50.00<\/td>\n<\/tr>\n<tr>\n<td colspan=\"2\">Atenci\u00f3n de cada servicio: 24 a 48 Horas &#8211; Tiempo Aproximado<\/td>\n<\/tr>\n<\/tbody>\n<\/table><\/div>\n\t\t\t\t\t\t\t\t\t<div class=\"elementor-tab-title elementor-tab-mobile-title\" aria-selected=\"false\" data-tab=\"3\" role=\"tab\" tabindex=\"-1\" aria-controls=\"elementor-tab-content-2223\" aria-expanded=\"false\">Operaciones temporales<\/div>\n\t\t\t\t\t<div id=\"elementor-tab-content-2223\" class=\"elementor-tab-content elementor-clearfix\" data-tab=\"3\" role=\"tabpanel\" aria-labelledby=\"elementor-tab-title-2223\" tabindex=\"0\" hidden=\"hidden\"><table>\n<tbody>\n<tr>\n<td>Concepto<\/td>\n<td>Importe<\/td>\n<\/tr>\n<tr>\n<td>Comisi\u00f3n M\u00ednima<\/td>\n<td>$ 200.00<\/td>\n<\/tr>\n<tr>\n<td>Comisi\u00f3n porcentual<\/td>\n<td>0.40% del CIF<\/td>\n<\/tr>\n<tr>\n<td>Gastos Operativos<\/td>\n<td>$ 80.00<\/td>\n<\/tr>\n<tr>\n<td>Gasttos Administrativos<\/td>\n<td>$ 50.00<\/td>\n<\/tr>\n<tr>\n<td>A. Fisico\/Previo\/Senasa\/Trasegado<\/td>\n<td>$ 100.00<\/td>\n<\/tr>\n<tr>\n<td colspan=\"2\">Atenci\u00f3n de cada servicio: 24 a 48 Horas &#8211; Tiempo Aproximado<\/td>\n<\/tr>\n<\/tbody>\n<\/table><\/div>\n\t\t\t\t\t\t\t<\/div>\n\t\t<\/div>\n\t\t\t\t<\/div>\n\t\t\t\t<\/div>\n\t\t\t\t\t<\/div>\n\t\t<\/div>\n\t\t\t\t\t\t\t<\/div>\n\t\t<\/section>\n\t\t\t\t<section class=\"elementor-section elementor-top-section elementor-element elementor-element-ae2b827 elementor-section-boxed elementor-section-height-default elementor-section-height-default\" data-id=\"ae2b827\" data-element_type=\"section\">\n\t\t\t\t\t\t<div class=\"elementor-container elementor-column-gap-default\">\n\t\t\t\t\t<div class=\"elementor-column elementor-col-100 elementor-top-column elementor-element elementor-element-7127eb5\" data-id=\"7127eb5\" data-element_type=\"column\">\n\t\t\t<div class=\"elementor-widget-wrap elementor-element-populated\">\n\t\t\t\t\t\t\t\t<div class=\"elementor-element elementor-element-e34a127 elementor-tabs-view-horizontal elementor-widget elementor-widget-tabs\" data-id=\"e34a127\" data-element_type=\"widget\" data-widget_type=\"tabs.default\">\n\t\t\t\t<div class=\"elementor-widget-container\">\n\t\t\t\t\t<div class=\"elementor-tabs\">\n\t\t\t<div class=\"elementor-tabs-wrapper\" role=\"tablist\" >\n\t\t\t\t\t\t\t\t\t<div id=\"elementor-tab-title-2381\" class=\"elementor-tab-title elementor-tab-desktop-title\" aria-selected=\"true\" data-tab=\"1\" role=\"tab\" tabindex=\"0\" aria-controls=\"elementor-tab-content-2381\" aria-expanded=\"false\">Importaci\u00f3n para el consumo<\/div>\n\t\t\t\t\t\t\t\t\t<div id=\"elementor-tab-title-2382\" class=\"elementor-tab-title elementor-tab-desktop-title\" aria-selected=\"false\" data-tab=\"2\" role=\"tab\" tabindex=\"-1\" aria-controls=\"elementor-tab-content-2382\" aria-expanded=\"false\">Exportaci\u00f3n definitiva<\/div>\n\t\t\t\t\t\t\t\t\t<div id=\"elementor-tab-title-2383\" class=\"elementor-tab-title elementor-tab-desktop-title\" aria-selected=\"false\" data-tab=\"3\" role=\"tab\" tabindex=\"-1\" aria-controls=\"elementor-tab-content-2383\" aria-expanded=\"false\">Operaciones temporales<\/div>\n\t\t\t\t\t\t\t<\/div>\n\t\t\t<div class=\"elementor-tabs-content-wrapper\" role=\"tablist\" aria-orientation=\"vertical\">\n\t\t\t\t\t\t\t\t\t<div class=\"elementor-tab-title elementor-tab-mobile-title\" aria-selected=\"true\" data-tab=\"1\" role=\"tab\" tabindex=\"0\" aria-controls=\"elementor-tab-content-2381\" aria-expanded=\"false\">Importaci\u00f3n para el consumo<\/div>\n\t\t\t\t\t<div id=\"elementor-tab-content-2381\" class=\"elementor-tab-content elementor-clearfix\" data-tab=\"1\" role=\"tabpanel\" aria-labelledby=\"elementor-tab-title-2381\" tabindex=\"0\" hidden=\"false\"><table>\n<tbody>\n<tr>\n<td>Concepto<\/td>\n<td>Importe<\/td>\n<\/tr>\n<tr>\n<td>Comisi\u00f3n M\u00ednima<\/td>\n<td>$ 140.00<\/td>\n<\/tr>\n<tr>\n<td>Comisi\u00f3n porcentual<\/td>\n<td>0.45% del CIF<\/td>\n<\/tr>\n<tr>\n<td>Gastos Operativos<\/td>\n<td>$ 70.00<\/td>\n<\/tr>\n<tr>\n<td>Gasttos Administrativos<\/td>\n<td>$ 50.00<\/td>\n<\/tr>\n<tr>\n<td>A. Fisico\/Previo\/Senasa\/Trasegado<\/td>\n<td>$ 50.00<\/td>\n<\/tr>\n<tr>\n<td colspan=\"2\">Atenci\u00f3n de cada servicio: 24 a 48 Horas &#8211; Tiempo Aproximado<\/td>\n<\/tr>\n<\/tbody>\n<\/table><\/div>\n\t\t\t\t\t\t\t\t\t<div class=\"elementor-tab-title elementor-tab-mobile-title\" aria-selected=\"false\" data-tab=\"2\" role=\"tab\" tabindex=\"-1\" aria-controls=\"elementor-tab-content-2382\" aria-expanded=\"false\">Exportaci\u00f3n definitiva<\/div>\n\t\t\t\t\t<div id=\"elementor-tab-content-2382\" class=\"elementor-tab-content elementor-clearfix\" data-tab=\"2\" role=\"tabpanel\" aria-labelledby=\"elementor-tab-title-2382\" tabindex=\"0\" hidden=\"hidden\"><table>\n<tbody>\n<tr>\n<td>Concepto<\/td>\n<td>Importe<\/td>\n<\/tr>\n<tr>\n<td>Comisi\u00f3n M\u00ednima<\/td>\n<td>$ 150.00<\/td>\n<\/tr>\n<tr>\n<td>Comisi\u00f3n -> 1 Contenedor<\/td>\n<td> $100.00<\/td>\n<\/tr>\n<tr>\n<td>Gastos Operativos<\/td>\n<td>$ 50.00<\/td>\n<\/tr>\n<tr>\n<td>Gasttos Administrativos<\/td>\n<td>$ 50.00<\/td>\n<\/tr>\n<tr>\n<td>A. Fisico\/Previo\/Senasa\/Trasegado<\/td>\n<td>$ 50.00<\/td>\n<\/tr>\n<tr>\n<td colspan=\"2\">Atenci\u00f3n de cada servicio: 24 a 48 Horas &#8211; Tiempo Aproximado<\/td>\n<\/tr>\n<\/tbody>\n<\/table><\/div>\n\t\t\t\t\t\t\t\t\t<div class=\"elementor-tab-title elementor-tab-mobile-title\" aria-selected=\"false\" data-tab=\"3\" role=\"tab\" tabindex=\"-1\" aria-controls=\"elementor-tab-content-2383\" aria-expanded=\"false\">Operaciones temporales<\/div>\n\t\t\t\t\t<div id=\"elementor-tab-content-2383\" class=\"elementor-tab-content elementor-clearfix\" data-tab=\"3\" role=\"tabpanel\" aria-labelledby=\"elementor-tab-title-2383\" tabindex=\"0\" hidden=\"hidden\"><table>\n<tbody>\n<tr>\n<td>Concepto<\/td>\n<td>Importe<\/td>\n<\/tr>\n<tr>\n<td>Comisi\u00f3n M\u00ednima<\/td>\n<td>$ 200.00<\/td>\n<\/tr>\n<tr>\n<td>Comisi\u00f3n porcentual<\/td>\n<td>0.40% del CIF<\/td>\n<\/tr>\n<tr>\n<td>Gastos Operativos<\/td>\n<td>$ 80.00<\/td>\n<\/tr>\n<tr>\n<td>Gasttos Administrativos<\/td>\n<td>$ 50.00<\/td>\n<\/tr>\n<tr>\n<td>A. Fisico\/Previo\/Senasa\/Trasegado<\/td>\n<td>$ 100.00<\/td>\n<\/tr>\n<tr>\n<td colspan=\"2\">Atenci\u00f3n de cada servicio: 24 a 48 Horas &#8211; Tiempo Aproximado<\/td>\n<\/tr>\n<\/tbody>\n<\/table><\/div>\n\t\t\t\t\t\t\t<\/div>\n\t\t<\/div>\n\t\t\t\t<\/div>\n\t\t\t\t<\/div>\n\t\t\t\t\t<\/div>\n\t\t<\/div>\n\t\t\t\t\t\t\t<\/div>\n\t\t<\/section>\n\t\t\t\t\t\t<\/div>\n\t\t\t\t\t<\/div>\n\t\t","protected":false},"excerpt":{"rendered":"<p>Importaci\u00f3n para el consumo Exportaci\u00f3n definitiva Operaciones temporales Importaci\u00f3n para el consumo Concepto Importe Comisi\u00f3n M\u00ednima $ 200.00 Comisi\u00f3n porcentual 0.40% del CIF Gastos Operativos $ 80.00 Gasttos Administrativos $ 50.00 A. Fisico\/Previo\/Senasa\/Trasegado $ 100.00 Atenci\u00f3n de cada servicio: 24 a 48 Horas &#8211; Tiempo Aproximado Exportaci\u00f3n definitiva Concepto Importe Comisi\u00f3n M\u00ednima $ 150.00 Comisi\u00f3n&hellip; <a class=\"more-link\" href=\"https:\/\/servcli.com\/maritza\/tarifas\/\">Seguir leyendo <span class=\"screen-reader-text\">Tarifas<\/span><\/a><\/p>\n","protected":false},"author":1,"featured_media":0,"parent":0,"menu_order":0,"comment_status":"closed","ping_status":"closed","template":"","meta":{"footnotes":""},"class_list":["post-645","page","type-page","status-publish","hentry","entry"],"_links":{"self":[{"href":"https:\/\/servcli.com\/maritza\/wp-json\/wp\/v2\/pages\/645","targetHints":{"allow":["GET"]}}],"collection":[{"href":"https:\/\/servcli.com\/maritza\/wp-json\/wp\/v2\/pages"}],"about":[{"href":"https:\/\/servcli.com\/maritza\/wp-json\/wp\/v2\/types\/page"}],"author":[{"embeddable":true,"href":"https:\/\/servcli.com\/maritza\/wp-json\/wp\/v2\/users\/1"}],"replies":[{"embeddable":true,"href":"https:\/\/servcli.com\/maritza\/wp-json\/wp\/v2\/comments?post=645"}],"version-history":[{"count":13,"href":"https:\/\/servcli.com\/maritza\/wp-json\/wp\/v2\/pages\/645\/revisions"}],"predecessor-version":[{"id":659,"href":"https:\/\/servcli.com\/maritza\/wp-json\/wp\/v2\/pages\/645\/revisions\/659"}],"wp:attachment":[{"href":"https:\/\/servcli.com\/maritza\/wp-json\/wp\/v2\/media?parent=645"}],"curies":[{"name":"wp","href":"https:\/\/api.w.org\/{rel}","templated":true}]}}