{"id":54,"date":"2021-10-18T15:40:56","date_gmt":"2021-10-18T15:40:56","guid":{"rendered":"https:\/\/servcli.com\/maritza\/services\/"},"modified":"2022-01-13T22:26:40","modified_gmt":"2022-01-13T22:26:40","slug":"services","status":"publish","type":"page","link":"https:\/\/servcli.com\/maritza\/services\/","title":{"rendered":"Services"},"content":{"rendered":"\t\t<div data-elementor-type=\"wp-page\" data-elementor-id=\"54\" class=\"elementor elementor-54\" data-elementor-settings=\"[]\">\n\t\t\t\t\t\t\t<div class=\"elementor-section-wrap\">\n\t\t\t\t\t\t\t<section class=\"elementor-section elementor-top-section elementor-element elementor-element-30f286f7 elementor-section-full_width elementor-section-height-min-height elementor-section-items-stretch elementor-section-content-middle elementor-reverse-tablet elementor-reverse-mobile elementor-section-height-default\" data-id=\"30f286f7\" data-element_type=\"section\" data-settings=\"{&quot;background_background&quot;:&quot;classic&quot;}\">\n\t\t\t\t\t\t\t<div class=\"elementor-background-overlay\"><\/div>\n\t\t\t\t\t\t\t<div class=\"elementor-container elementor-column-gap-no\">\n\t\t\t\t\t<div class=\"elementor-column elementor-col-50 elementor-top-column elementor-element elementor-element-757a9284\" data-id=\"757a9284\" data-element_type=\"column\">\n\t\t\t<div class=\"elementor-widget-wrap elementor-element-populated\">\n\t\t\t\t\t\t\t\t<div class=\"elementor-element elementor-element-34627e4f elementor-widget__width-initial elementor-widget-divider--separator-type-pattern elementor-widget-divider--no-spacing elementor-widget-divider--view-line elementor-invisible elementor-widget elementor-widget-divider\" data-id=\"34627e4f\" data-element_type=\"widget\" data-settings=\"{&quot;_animation&quot;:&quot;fadeInUp&quot;}\" data-widget_type=\"divider.default\">\n\t\t\t\t<div class=\"elementor-widget-container\">\n\t\t\t\t\t<div class=\"elementor-divider\" style=\"--divider-pattern-url: url(&quot;data:image\/svg+xml,%3Csvg xmlns=&#039;http:\/\/www.w3.org\/2000\/svg&#039; preserveAspectRatio=&#039;xMidYMid meet&#039; overflow=&#039;visible&#039; height=&#039;100%&#039; viewBox=&#039;0 0 126 26&#039; fill=&#039;black&#039; stroke=&#039;none&#039;%3E%3Cpath d=&#039;M46.8,7.8v11.5L36,18.6V7.8H46.8z M82.4,7.8L84,18.6l-12,0.7L70.4,7.8H82.4z M0,7.8l12,0.9v9.9H1.3L0,7.8z M30,7.8v10.8H19L18,7.8H30z M63.7,7.8L66,18.6H54V9.5L63.7,7.8z M89.8,7L102,7.8v10.8H91.2L89.8,7zM108,7.8l12,0.9v8.9l-12,1V7.8z&#039;\/%3E%3C\/svg%3E&quot;);\">\n\t\t\t<span class=\"elementor-divider-separator\">\n\t\t\t\t\t\t<\/span>\n\t\t<\/div>\n\t\t\t\t<\/div>\n\t\t\t\t<\/div>\n\t\t\t\t<div class=\"elementor-element elementor-element-33674100 elementor-widget elementor-widget-heading\" data-id=\"33674100\" data-element_type=\"widget\" data-widget_type=\"heading.default\">\n\t\t\t\t<div class=\"elementor-widget-container\">\n\t\t\t<h1 class=\"elementor-heading-title elementor-size-default\">Echa un vistazo <br>\na Nuestros servicios.<\/h1>\t\t<\/div>\n\t\t\t\t<\/div>\n\t\t\t\t<div class=\"elementor-element elementor-element-62a31cb2 elementor-widget elementor-widget-text-editor\" data-id=\"62a31cb2\" data-element_type=\"widget\" data-widget_type=\"text-editor.default\">\n\t\t\t\t<div class=\"elementor-widget-container\">\n\t\t\t\t\t\t\t<p><br \/>Revisi\u00f3n documentaria especializada: Todos los documentos que sustentan los despachos son revisados minuciosamente por especialistas para detectar errores en que se hubiera incurrido a fin de efectuar las correcciones respectivas.<\/p>\t\t\t\t\t\t<\/div>\n\t\t\t\t<\/div>\n\t\t\t\t\t<\/div>\n\t\t<\/div>\n\t\t\t\t<div class=\"elementor-column elementor-col-50 elementor-top-column elementor-element elementor-element-609b240c\" data-id=\"609b240c\" data-element_type=\"column\" data-settings=\"{&quot;background_background&quot;:&quot;classic&quot;}\">\n\t\t\t<div class=\"elementor-widget-wrap elementor-element-populated\">\n\t\t\t\t\t\t\t\t<div class=\"elementor-element elementor-element-223a1abb elementor-widget elementor-widget-spacer\" data-id=\"223a1abb\" data-element_type=\"widget\" data-widget_type=\"spacer.default\">\n\t\t\t\t<div class=\"elementor-widget-container\">\n\t\t\t\t\t<div class=\"elementor-spacer\">\n\t\t\t<div class=\"elementor-spacer-inner\"><\/div>\n\t\t<\/div>\n\t\t\t\t<\/div>\n\t\t\t\t<\/div>\n\t\t\t\t\t<\/div>\n\t\t<\/div>\n\t\t\t\t\t\t\t<\/div>\n\t\t<\/section>\n\t\t\t\t<section class=\"elementor-section elementor-top-section elementor-element elementor-element-593025da elementor-section-full_width elementor-section-height-default elementor-section-height-default\" data-id=\"593025da\" data-element_type=\"section\">\n\t\t\t\t\t\t<div class=\"elementor-container elementor-column-gap-no\">\n\t\t\t\t\t<div class=\"elementor-column elementor-col-100 elementor-top-column elementor-element elementor-element-19ce0763\" data-id=\"19ce0763\" data-element_type=\"column\">\n\t\t\t<div class=\"elementor-widget-wrap elementor-element-populated\">\n\t\t\t\t\t\t\t\t<div class=\"elementor-element elementor-element-518b64e4 elementor-widget elementor-widget-heading\" data-id=\"518b64e4\" data-element_type=\"widget\" data-widget_type=\"heading.default\">\n\t\t\t\t<div class=\"elementor-widget-container\">\n\t\t\t<h2 class=\"elementor-heading-title elementor-size-default\">El Proceso En Faces<\/h2>\t\t<\/div>\n\t\t\t\t<\/div>\n\t\t\t\t<section class=\"elementor-section elementor-inner-section elementor-element elementor-element-60cbffb5 elementor-section-full_width elementor-section-height-default elementor-section-height-default\" data-id=\"60cbffb5\" data-element_type=\"section\">\n\t\t\t\t\t\t<div class=\"elementor-container elementor-column-gap-no\">\n\t\t\t\t\t<div class=\"elementor-column elementor-col-25 elementor-inner-column elementor-element elementor-element-412a30ff\" data-id=\"412a30ff\" data-element_type=\"column\">\n\t\t\t<div class=\"elementor-widget-wrap elementor-element-populated\">\n\t\t\t\t\t\t\t\t<div class=\"elementor-element elementor-element-6b801bec elementor-view-framed elementor-shape-square elementor-position-top elementor-vertical-align-top elementor-widget elementor-widget-icon-box\" data-id=\"6b801bec\" data-element_type=\"widget\" data-widget_type=\"icon-box.default\">\n\t\t\t\t<div class=\"elementor-widget-container\">\n\t\t\t\t\t<div class=\"elementor-icon-box-wrapper\">\n\t\t\t\t\t\t<div class=\"elementor-icon-box-icon\">\n\t\t\t\t<span class=\"elementor-icon elementor-animation-grow\" >\n\t\t\t\t<svg xmlns=\"http:\/\/www.w3.org\/2000\/svg\" id=\"e05bcb67-c597-4a5c-a16f-78974da9790a\" data-name=\"Layer 1\" width=\"46\" height=\"56\" viewBox=\"0 0 46 56\"><path d=\"M0,0V56H46V0ZM15.7293,2.2311H30.2712V7.846H15.7293ZM43.7518,53.7689H2.2482V2.2311H13.48v7.8454H32.52V2.2311H43.7518Z\" style=\"fill-rule:evenodd\"><\/path><rect x=\"17\" y=\"17\" width=\"19\" height=\"2\"><\/rect><rect x=\"10\" y=\"17\" width=\"2\" height=\"2\"><\/rect><rect x=\"17\" y=\"25\" width=\"19\" height=\"2\"><\/rect><rect x=\"10\" y=\"25\" width=\"2\" height=\"2\"><\/rect><rect x=\"10\" y=\"32\" width=\"2\" height=\"2\"><\/rect><rect x=\"17\" y=\"32\" width=\"19\" height=\"2\"><\/rect><rect x=\"10\" y=\"42\" width=\"8\" height=\"2\"><\/rect><polygon points=\"27.845 43.813 25.53 41.403 24 42.996 27.845 47 34 40.594 32.47 39 27.845 43.813\" style=\"fill-rule:evenodd\"><\/polygon><\/svg>\t\t\t\t<\/span>\n\t\t\t<\/div>\n\t\t\t\t\t\t<div class=\"elementor-icon-box-content\">\n\t\t\t\t<h4 class=\"elementor-icon-box-title\">\n\t\t\t\t\t<span  >\n\t\t\t\t\t\tSolicitar Presupuesto\t\t\t\t\t<\/span>\n\t\t\t\t<\/h4>\n\t\t\t\t\t\t\t\t\t<p class=\"elementor-icon-box-description\">\n\t\t\t\t\t\tRecibimos su informaci\u00f3n, con los que elaboramos el presupuesto, para contar con su aprobaci\u00f3n.\t\t\t\t\t<\/p>\n\t\t\t\t\t\t\t<\/div>\n\t\t<\/div>\n\t\t\t\t<\/div>\n\t\t\t\t<\/div>\n\t\t\t\t\t<\/div>\n\t\t<\/div>\n\t\t\t\t<div class=\"elementor-column elementor-col-25 elementor-inner-column elementor-element elementor-element-10f776ba\" data-id=\"10f776ba\" data-element_type=\"column\">\n\t\t\t<div class=\"elementor-widget-wrap elementor-element-populated\">\n\t\t\t\t\t\t\t\t<div class=\"elementor-element elementor-element-582bc3ce elementor-view-framed elementor-shape-square elementor-position-top elementor-vertical-align-top elementor-widget elementor-widget-icon-box\" data-id=\"582bc3ce\" data-element_type=\"widget\" data-widget_type=\"icon-box.default\">\n\t\t\t\t<div class=\"elementor-widget-container\">\n\t\t\t\t\t<div class=\"elementor-icon-box-wrapper\">\n\t\t\t\t\t\t<div class=\"elementor-icon-box-icon\">\n\t\t\t\t<span class=\"elementor-icon elementor-animation-grow\" >\n\t\t\t\t<svg xmlns=\"http:\/\/www.w3.org\/2000\/svg\" id=\"a5770423-116e-49a0-8718-907f0a5cb9fa\" data-name=\"Layer 1\" width=\"57\" height=\"57\" viewBox=\"0 0 57 57\"><path d=\"M56.0806,5.5161h-2.758V4.5968a.92.92,0,0,0-.9194-.9194H47.8065V2.7581a2.7581,2.7581,0,1,0-5.5162,0v.9193H38.6129V2.7581a2.7581,2.7581,0,1,0-5.5161,0v.9193H29.4194V2.7581a2.7581,2.7581,0,1,0-5.5162,0v.9193H20.2258V2.7581a2.7581,2.7581,0,1,0-5.5161,0v.9193H11.0323V2.7581a2.7581,2.7581,0,1,0-5.5162,0v.9193H.9194A.9194.9194,0,0,0,0,4.5968V52.4032a.9194.9194,0,0,0,.9194.9194h.9193v2.758A.9194.9194,0,0,0,2.7581,57H56.0806A.9194.9194,0,0,0,57,56.0806V6.4355A.9194.9194,0,0,0,56.0806,5.5161ZM44.129,2.7581a.9194.9194,0,1,1,1.8388,0V6.4355a.9194.9194,0,0,1-1.8388,0Zm-9.1935,0a.9194.9194,0,1,1,1.8387,0V6.4355a.9194.9194,0,1,1-1.8387,0Zm-9.1936,0a.9194.9194,0,1,1,1.8387,0V6.4355a.9194.9194,0,1,1-1.8387,0Zm-9.1935,0a.9194.9194,0,1,1,1.8387,0V6.4355a.9194.9194,0,1,1-1.8387,0Zm-9.1935,0a.9193.9193,0,1,1,1.8386,0V6.4355a.9193.9193,0,1,1-1.8386,0ZM1.8387,5.5161H5.5161v.9194a2.7581,2.7581,0,0,0,5.5162,0V5.5161H14.71v.9194a2.7581,2.7581,0,0,0,5.5161,0V5.5161h3.6774v.9194a2.7581,2.7581,0,0,0,5.5162,0V5.5161h3.6774v.9194a2.7581,2.7581,0,0,0,5.5161,0V5.5161H42.29v.9194a2.7581,2.7581,0,0,0,5.5162,0V5.5161h3.6774V14.71H1.8387Zm0,45.9678V16.5484H51.4839V51.4839Zm53.3226,3.6774H3.6774V53.3226H52.4032a.92.92,0,0,0,.9194-.9194V7.3549h1.8387Z\" style=\"fill-rule:evenodd\"><\/path><path d=\"M16.3229,24H10.6771C10.3046,24,10,24.45,10,25s.3046,1,.6771,1h5.6458c.3724,0,.6771-.45.6771-1S16.6953,24,16.3229,24Z\" style=\"fill-rule:evenodd\"><\/path><path d=\"M16.3229,33H10.6771C10.3046,33,10,33.45,10,34s.3046,1,.6771,1h5.6458c.3724,0,.6771-.45.6771-1S16.6953,33,16.3229,33Z\" style=\"fill-rule:evenodd\"><\/path><path d=\"M16.3229,42H10.6771C10.3046,42,10,42.45,10,43s.3046,1,.6771,1h5.6458c.3724,0,.6771-.45.6771-1S16.6953,42,16.3229,42Z\" style=\"fill-rule:evenodd\"><\/path><path d=\"M28.3229,24H22.6771C22.3046,24,22,24.45,22,25s.3046,1,.6771,1h5.6458c.3724,0,.6771-.45.6771-1S28.6953,24,28.3229,24Z\" style=\"fill-rule:evenodd\"><\/path><path d=\"M28.3229,33H22.6771C22.3046,33,22,33.45,22,34s.3046,1,.6771,1h5.6458c.3724,0,.6771-.45.6771-1S28.6953,33,28.3229,33Z\" style=\"fill-rule:evenodd\"><\/path><path d=\"M28.3229,42H22.6771C22.3046,42,22,42.45,22,43s.3046,1,.6771,1h5.6458c.3724,0,.6771-.45.6771-1S28.6953,42,28.3229,42Z\" style=\"fill-rule:evenodd\"><\/path><path d=\"M40.3229,24H34.6771C34.3046,24,34,24.45,34,25s.3046,1,.6771,1h5.6458c.3724,0,.6771-.45.6771-1S40.6953,24,40.3229,24Z\" style=\"fill-rule:evenodd\"><\/path><path d=\"M40.3229,33H34.6771C34.3046,33,34,33.45,34,34s.3046,1,.6771,1h5.6458c.3724,0,.6771-.45.6771-1S40.6953,33,40.3229,33Z\" style=\"fill-rule:evenodd\"><\/path><path d=\"M40.3229,42H34.6771C34.3046,42,34,42.45,34,43s.3046,1,.6771,1h5.6458c.3724,0,.6771-.45.6771-1S40.6953,42,40.3229,42Z\" style=\"fill-rule:evenodd\"><\/path><\/svg>\t\t\t\t<\/span>\n\t\t\t<\/div>\n\t\t\t\t\t\t<div class=\"elementor-icon-box-content\">\n\t\t\t\t<h4 class=\"elementor-icon-box-title\">\n\t\t\t\t\t<span  >\n\t\t\t\t\t\tElaboramos la Declaraci\u00f3n\t\t\t\t\t<\/span>\n\t\t\t\t<\/h4>\n\t\t\t\t\t\t\t\t\t<p class=\"elementor-icon-box-description\">\n\t\t\t\t\t\tEn base a los datos pesos - valores - descripciones, confeccionamos y validamos la declaraci\u00f3n.\t\t\t\t\t<\/p>\n\t\t\t\t\t\t\t<\/div>\n\t\t<\/div>\n\t\t\t\t<\/div>\n\t\t\t\t<\/div>\n\t\t\t\t\t<\/div>\n\t\t<\/div>\n\t\t\t\t<div class=\"elementor-column elementor-col-25 elementor-inner-column elementor-element elementor-element-43e71d33\" data-id=\"43e71d33\" data-element_type=\"column\">\n\t\t\t<div class=\"elementor-widget-wrap elementor-element-populated\">\n\t\t\t\t\t\t\t\t<div class=\"elementor-element elementor-element-7f31581e elementor-view-framed elementor-shape-square elementor-position-top elementor-vertical-align-top elementor-widget elementor-widget-icon-box\" data-id=\"7f31581e\" data-element_type=\"widget\" data-widget_type=\"icon-box.default\">\n\t\t\t\t<div class=\"elementor-widget-container\">\n\t\t\t\t\t<div class=\"elementor-icon-box-wrapper\">\n\t\t\t\t\t\t<div class=\"elementor-icon-box-icon\">\n\t\t\t\t<span class=\"elementor-icon elementor-animation-grow\" >\n\t\t\t\t<i aria-hidden=\"true\" class=\"fab fa-battle-net\"><\/i>\t\t\t\t<\/span>\n\t\t\t<\/div>\n\t\t\t\t\t\t<div class=\"elementor-icon-box-content\">\n\t\t\t\t<h4 class=\"elementor-icon-box-title\">\n\t\t\t\t\t<span  >\n\t\t\t\t\t\tNumeraci\u00f3n de Despacho\t\t\t\t\t<\/span>\n\t\t\t\t<\/h4>\n\t\t\t\t\t\t\t\t\t<p class=\"elementor-icon-box-description\">\n\t\t\t\t\t\t\ntraferimos la informaci\u00f3n, para generar la numeraci\u00f3n correlativa oficial del despacho.\t\t\t\t\t<\/p>\n\t\t\t\t\t\t\t<\/div>\n\t\t<\/div>\n\t\t\t\t<\/div>\n\t\t\t\t<\/div>\n\t\t\t\t\t<\/div>\n\t\t<\/div>\n\t\t\t\t<div class=\"elementor-column elementor-col-25 elementor-inner-column elementor-element elementor-element-5c2cc4d2\" data-id=\"5c2cc4d2\" data-element_type=\"column\">\n\t\t\t<div class=\"elementor-widget-wrap elementor-element-populated\">\n\t\t\t\t\t\t\t\t<div class=\"elementor-element elementor-element-74ecfbdd elementor-view-framed elementor-shape-square elementor-position-top elementor-vertical-align-top elementor-widget elementor-widget-icon-box\" data-id=\"74ecfbdd\" data-element_type=\"widget\" data-widget_type=\"icon-box.default\">\n\t\t\t\t<div class=\"elementor-widget-container\">\n\t\t\t\t\t<div class=\"elementor-icon-box-wrapper\">\n\t\t\t\t\t\t<div class=\"elementor-icon-box-icon\">\n\t\t\t\t<span class=\"elementor-icon elementor-animation-grow\" >\n\t\t\t\t<svg xmlns=\"http:\/\/www.w3.org\/2000\/svg\" id=\"ef9306f5-b30c-401a-ac97-5f04c13cc631\" data-name=\"Layer 1\" width=\"64\" height=\"47\" viewBox=\"0 0 64 47\"><path d=\"M51.8124,16.0267H47.7832l1.214-14.0033C49,1.998,49,1.973,49,1.948l0-.0063v-.001a.942.942,0,0,0-.5651-.8631l-.0085-.004c-.0209-.0088-.0425-.0163-.0643-.0236l-.0241-.0084c-.0176-.0054-.036-.01-.054-.0141-.0129-.003-.025-.0066-.038-.0092-.0159-.0031-.0324-.0051-.0486-.0075s-.03-.0049-.0457-.0063l-.0074-.001c-.0166-.0015-.0329-.0012-.0493-.0019L48.0624,1H13.8749a.9389.9389,0,0,0-.9146.7432l-.0025.0093c-.0047.0234-.0078.0474-.0109.0715l-.0034.0227-.0006.0044-.64,6.6413H.9375a.9418.9418,0,0,0,0,1.8836H12.1207l-1.15,11.93H7.6253a.9419.9419,0,0,0,0,1.8838h3.1632l-.6265,6.4951,0,.0029L9.1932,40.731l0,.0036,0,.0035c-.0012.0131-.001.0258-.0018.0389-.001.0173-.0027.0343-.0027.0519v.0023c0,.0243.0018.0481.0037.072l.0012.023c.0025.0244.0067.0483.011.0722l.0034.0211c.0035.0181.0086.0356.0133.0533.0033.0124.006.025.01.0372l.0036.01a.9421.9421,0,0,0,.2229.3687l.0052.0058c.01.01.0209.0192.0315.0286a.9257.9257,0,0,0,.2174.15c.0166.0083.0331.0169.05.0242l.0159.0057c.0235.0094.0471.0185.0715.0261l.0066.0018c.0278.0084.0559.0155.0845.0214l.0112.0018c.0273.0051.0546.0095.0825.0123l.0017,0q.0462.0045.0915.0045h4.175a7.1319,7.1319,0,0,0,14.149,0H43.4878a7.132,7.132,0,0,0,14.1492,0h4.1765c.0312,0,.062-.0019.0925-.0049l.0162-.0023c.0245-.0029.0487-.0063.0724-.0111l.03-.0071c.0183-.0043.0369-.0088.0548-.0142l.036-.012c.0154-.0053.0308-.0108.0459-.0169.0132-.0051.0254-.0109.0381-.0165l.0408-.02.0373-.02.0383-.0234.0347-.0232c.0129-.0089.0248-.0183.0373-.0279l.0306-.0247c.013-.011.0249-.0224.0373-.0341l.0255-.0246c.013-.0134.0254-.0275.0379-.0417l.02-.0229c.0136-.017.0261-.0346.0386-.0523l.0131-.0182q.023-.0345.043-.0709l.0025-.0046q.0213-.0391.0389-.08l.0088-.0239c.0077-.02.0151-.039.0214-.0592.0042-.0129.0073-.0265.0109-.04l.012-.0472c.003-.0142.0052-.0288.0074-.0432.0022-.0127.0048-.0251.0065-.038.04-.32.7739-6.2372,1.1017-10.0635l.001-.0109c.0943-1.1031.1548-2.0318.1548-2.6A12.23,12.23,0,0,0,51.8124,16.0267ZM47.62,17.9106h3.8354l-.49,5.6506H47.13ZM12.6722,24.1893h6.2026a.9419.9419,0,0,0,0-1.8838H12.8539L14.0046,10.376h9.8717a.9418.9418,0,0,0,0-1.8836h-9.69l.5409-5.6087H47.0407L45.1749,24.405l-.0006.0049-.4707,5.43H12.1273Zm8.7039,21.9268a5.2875,5.2875,0,1,1,5.263-5.2872A5.2812,5.2812,0,0,1,21.3761,46.1161Zm29.1861,0a5.2875,5.2875,0,1,1,5.2631-5.2872A5.2812,5.2812,0,0,1,50.5622,46.1161Zm10.421-6.23h-3.346a7.1319,7.1319,0,0,0-14.1492,0H28.4506a7.1319,7.1319,0,0,0-14.1491,0H11.1583l.7874-8.1632h33.617v.0005h.0013c.0315,0,.0625-.0018.0933-.0047l.0171-.0027c.0245-.0028.049-.0064.0729-.0112l.0308-.0074c.0187-.0046.0376-.009.0557-.0146.0126-.0037.0245-.0082.0365-.0125.0157-.0055.0315-.0109.0468-.0172.0132-.0054.0257-.0115.0385-.0175s.0279-.0128.0411-.02l.038-.0214.038-.0232.0353-.0245.0364-.0271.0319-.0269c.0117-.01.0234-.0208.0346-.0317l.0283-.0283c.0112-.0118.0221-.024.0328-.0364l.0247-.03q.0156-.02.03-.0405l.0215-.0311c.0091-.0143.0177-.0288.0262-.0436l.0186-.0335c.0078-.0147.0146-.03.0218-.045.0055-.0122.0112-.0241.0161-.0367.0061-.0148.0112-.03.0166-.0452.0047-.0134.01-.0267.0137-.0407l.0112-.0442c.0036-.0149.0075-.03.0105-.0451s.0047-.03.0068-.0449.0049-.0309.0064-.0467l.0009-.0067.47-5.4186h4.8452c2.8724,0,4.1679,1.495,5.5393,3.078,1.1317,1.3062,2.395,2.7635,4.5426,3.1191C61.6212,34.5388,61.1805,38.258,60.9832,39.8865Zm1.0711-10.1323c-1.3932-.2852-2.25-1.2691-3.2887-2.4676-1.2985-1.4989-2.884-3.328-5.923-3.6689l.485-5.5943A10.3606,10.3606,0,0,1,62.125,28.271C62.125,28.624,62.0988,29.1368,62.0543,29.7542Z\" transform=\"translate(0 -1)\" style=\"fill-rule:evenodd\"><\/path><\/svg>\t\t\t\t<\/span>\n\t\t\t<\/div>\n\t\t\t\t\t\t<div class=\"elementor-icon-box-content\">\n\t\t\t\t<h4 class=\"elementor-icon-box-title\">\n\t\t\t\t\t<span  >\n\t\t\t\t\t\tRetiro de Mercaderia\t\t\t\t\t<\/span>\n\t\t\t\t<\/h4>\n\t\t\t\t\t\t\t\t\t<p class=\"elementor-icon-box-description\">\n\t\t\t\t\t\tCoordinamos el retiro de la meraderia, presentando la documentaci\u00f3n respectiva.\t\t\t\t\t<\/p>\n\t\t\t\t\t\t\t<\/div>\n\t\t<\/div>\n\t\t\t\t<\/div>\n\t\t\t\t<\/div>\n\t\t\t\t\t<\/div>\n\t\t<\/div>\n\t\t\t\t\t\t\t<\/div>\n\t\t<\/section>\n\t\t\t\t\t<\/div>\n\t\t<\/div>\n\t\t\t\t\t\t\t<\/div>\n\t\t<\/section>\n\t\t\t\t<section class=\"elementor-section elementor-top-section elementor-element elementor-element-25aac535 elementor-section-full_width elementor-section-height-default elementor-section-height-default\" data-id=\"25aac535\" data-element_type=\"section\">\n\t\t\t\t\t\t<div class=\"elementor-container elementor-column-gap-no\">\n\t\t\t\t\t<div class=\"elementor-column elementor-col-100 elementor-top-column elementor-element elementor-element-71f9cdc1\" data-id=\"71f9cdc1\" data-element_type=\"column\">\n\t\t\t<div class=\"elementor-widget-wrap elementor-element-populated\">\n\t\t\t\t\t\t\t\t<div class=\"elementor-element elementor-element-70ed3412 elementor-cta--layout-image-right elementor-cta--mobile-layout-image-above elementor-cta--skin-classic elementor-animated-content elementor-bg-transform elementor-bg-transform-zoom-in elementor-widget elementor-widget-call-to-action\" data-id=\"70ed3412\" data-element_type=\"widget\" data-widget_type=\"call-to-action.default\">\n\t\t\t\t<div class=\"elementor-widget-container\">\n\t\t\t\t\t<div  class=\"elementor-cta\">\n\t\t\t\t\t<div class=\"elementor-cta__bg-wrapper\">\n\t\t\t\t<div class=\"elementor-cta__bg elementor-bg\" style=\"background-image: url(https:\/\/servcli.com\/maritza\/wp-content\/uploads\/2021\/10\/usuarios.jpg);\"><\/div>\n\t\t\t\t<div class=\"elementor-cta__bg-overlay\"><\/div>\n\t\t\t<\/div>\n\t\t\t\t\t\t\t<div class=\"elementor-cta__content\">\n\t\t\t\t\n\t\t\t\t\t\t\t\t\t<h2 class=\"elementor-cta__title elementor-cta__content-item elementor-content-item\">\n\t\t\t\t\t\tEspecializado\t\t\t\t\t<\/h2>\n\t\t\t\t\n\t\t\t\t\t\t\t\t\t<div class=\"elementor-cta__description elementor-cta__content-item elementor-content-item\">\n\t\t\t\t\t\tPersonal especializado: Contamos con personal altamente calificado de realizar entre otras las siguientes actividades: formulaci\u00f3n de Declaraciones Aduaneras y c\u00e1lculos de impuestos a los que est\u00e1n afectos las importaciones, ubicaci\u00f3n de la carga (detectando rectificaciones y faltantes); obtenci\u00f3n de vistos buenos y presentaci\u00f3n de garant\u00edas ante las compa\u00f1\u00edas navieras; retiro de mercader\u00eda de los terminales de almacenamiento.\t\t\t\t\t<\/div>\n\t\t\t\t\n\t\t\t\t\t\t\t\t\t<div class=\"elementor-cta__button-wrapper elementor-cta__content-item elementor-content-item \">\n\t\t\t\t\t<a class=\"elementor-cta__button elementor-button elementor-size-sm\" href=\"#\">\n\t\t\t\t\t\tLeer m\u00e1s\t\t\t\t\t<\/a>\n\t\t\t\t\t<\/div>\n\t\t\t\t\t\t\t<\/div>\n\t\t\t\t\t\t<\/div>\n\t\t\t\t<\/div>\n\t\t\t\t<\/div>\n\t\t\t\t<div class=\"elementor-element elementor-element-d8f6676 elementor-cta--layout-image-left elementor-cta--mobile-layout-image-above elementor-cta--skin-classic elementor-animated-content elementor-bg-transform elementor-bg-transform-zoom-in elementor-widget elementor-widget-call-to-action\" data-id=\"d8f6676\" data-element_type=\"widget\" data-widget_type=\"call-to-action.default\">\n\t\t\t\t<div class=\"elementor-widget-container\">\n\t\t\t\t\t<div  class=\"elementor-cta\">\n\t\t\t\t\t<div class=\"elementor-cta__bg-wrapper\">\n\t\t\t\t<div class=\"elementor-cta__bg elementor-bg\" style=\"background-image: url(https:\/\/servcli.com\/maritza\/wp-content\/uploads\/2021\/10\/despacha02.jpg);\"><\/div>\n\t\t\t\t<div class=\"elementor-cta__bg-overlay\"><\/div>\n\t\t\t<\/div>\n\t\t\t\t\t\t\t<div class=\"elementor-cta__content\">\n\t\t\t\t\n\t\t\t\t\t\t\t\t\t<h2 class=\"elementor-cta__title elementor-cta__content-item elementor-content-item\">\n\t\t\t\t\t\tRapidez\t\t\t\t\t<\/h2>\n\t\t\t\t\n\t\t\t\t\t\t\t\t\t<div class=\"elementor-cta__description elementor-cta__content-item elementor-content-item\">\n\t\t\t\t\t\tRapidez de despachos: El \u00e9nfasis de nuestro servicio es la atenci\u00f3n inmediata y personalizada de las solicitudes de nuestros clientes . Somos conscientes de los sobrecostos que afectan a los importadores por conceptos de almacenaje y \"demurrage\"\t\t\t\t\t<\/div>\n\t\t\t\t\n\t\t\t\t\t\t\t\t\t<div class=\"elementor-cta__button-wrapper elementor-cta__content-item elementor-content-item \">\n\t\t\t\t\t<a class=\"elementor-cta__button elementor-button elementor-size-sm\" href=\"#\">\n\t\t\t\t\t\tLeer m\u00e1s\t\t\t\t\t<\/a>\n\t\t\t\t\t<\/div>\n\t\t\t\t\t\t\t<\/div>\n\t\t\t\t\t\t<\/div>\n\t\t\t\t<\/div>\n\t\t\t\t<\/div>\n\t\t\t\t<div class=\"elementor-element elementor-element-3c4720d2 elementor-cta--layout-image-right elementor-cta--mobile-layout-image-above elementor-cta--skin-classic elementor-animated-content elementor-bg-transform elementor-bg-transform-zoom-in elementor-widget elementor-widget-call-to-action\" data-id=\"3c4720d2\" data-element_type=\"widget\" data-widget_type=\"call-to-action.default\">\n\t\t\t\t<div class=\"elementor-widget-container\">\n\t\t\t\t\t<div  class=\"elementor-cta\">\n\t\t\t\t\t<div class=\"elementor-cta__bg-wrapper\">\n\t\t\t\t<div class=\"elementor-cta__bg elementor-bg\" style=\"background-image: url(https:\/\/servcli.com\/maritza\/wp-content\/uploads\/2021\/10\/graba1.jpg);\"><\/div>\n\t\t\t\t<div class=\"elementor-cta__bg-overlay\"><\/div>\n\t\t\t<\/div>\n\t\t\t\t\t\t\t<div class=\"elementor-cta__content\">\n\t\t\t\t\n\t\t\t\t\t\t\t\t\t<h2 class=\"elementor-cta__title elementor-cta__content-item elementor-content-item\">\n\t\t\t\t\t\tTransporte\t\t\t\t\t<\/h2>\n\t\t\t\t\n\t\t\t\t\t\t\t\t\t<div class=\"elementor-cta__description elementor-cta__content-item elementor-content-item\">\n\t\t\t\t\t\tTransporte de toda la mercader\u00eda que se nos encarga despachar; desde y hasta los almacenes de nuestros clientes, a lo largo de todo el territorio nacional.\n\nMensajer\u00eda permanente: Servicio de recojo de documentos desde el local del cliente u otro que \u00e9ste indique(bancos, supervisoras, entre otros)\t\t\t\t\t<\/div>\n\t\t\t\t\n\t\t\t\t\t\t\t\t\t<div class=\"elementor-cta__button-wrapper elementor-cta__content-item elementor-content-item \">\n\t\t\t\t\t<a class=\"elementor-cta__button elementor-button elementor-size-sm\" href=\"#\">\n\t\t\t\t\t\tLeer m\u00e1s\t\t\t\t\t<\/a>\n\t\t\t\t\t<\/div>\n\t\t\t\t\t\t\t<\/div>\n\t\t\t\t\t\t<\/div>\n\t\t\t\t<\/div>\n\t\t\t\t<\/div>\n\t\t\t\t\t<\/div>\n\t\t<\/div>\n\t\t\t\t\t\t\t<\/div>\n\t\t<\/section>\n\t\t\t\t\t\t<\/div>\n\t\t\t\t\t<\/div>\n\t\t","protected":false},"excerpt":{"rendered":"<p>Echa un vistazo a Nuestros servicios. Revisi\u00f3n documentaria especializada: Todos los documentos que sustentan los despachos son revisados minuciosamente por especialistas para detectar errores en que se hubiera incurrido a fin de efectuar las correcciones respectivas. El Proceso En Faces Solicitar Presupuesto Recibimos su informaci\u00f3n, con los que elaboramos el presupuesto, para contar con su&hellip; <a class=\"more-link\" href=\"https:\/\/servcli.com\/maritza\/services\/\">Seguir leyendo <span class=\"screen-reader-text\">Services<\/span><\/a><\/p>\n","protected":false},"author":1,"featured_media":0,"parent":0,"menu_order":0,"comment_status":"closed","ping_status":"closed","template":"elementor_header_footer","meta":{"footnotes":""},"class_list":["post-54","page","type-page","status-publish","hentry","entry"],"_links":{"self":[{"href":"https:\/\/servcli.com\/maritza\/wp-json\/wp\/v2\/pages\/54","targetHints":{"allow":["GET"]}}],"collection":[{"href":"https:\/\/servcli.com\/maritza\/wp-json\/wp\/v2\/pages"}],"about":[{"href":"https:\/\/servcli.com\/maritza\/wp-json\/wp\/v2\/types\/page"}],"author":[{"embeddable":true,"href":"https:\/\/servcli.com\/maritza\/wp-json\/wp\/v2\/users\/1"}],"replies":[{"embeddable":true,"href":"https:\/\/servcli.com\/maritza\/wp-json\/wp\/v2\/comments?post=54"}],"version-history":[{"count":29,"href":"https:\/\/servcli.com\/maritza\/wp-json\/wp\/v2\/pages\/54\/revisions"}],"predecessor-version":[{"id":521,"href":"https:\/\/servcli.com\/maritza\/wp-json\/wp\/v2\/pages\/54\/revisions\/521"}],"wp:attachment":[{"href":"https:\/\/servcli.com\/maritza\/wp-json\/wp\/v2\/media?parent=54"}],"curies":[{"name":"wp","href":"https:\/\/api.w.org\/{rel}","templated":true}]}}