{"id":46,"date":"2021-10-18T15:40:54","date_gmt":"2021-10-18T15:40:54","guid":{"rendered":"https:\/\/servcli.com\/maritza\/get-a-quote\/"},"modified":"2024-05-25T17:00:49","modified_gmt":"2024-05-25T17:00:49","slug":"get-a-quote","status":"publish","type":"page","link":"https:\/\/servcli.com\/maritza\/get-a-quote\/","title":{"rendered":"Get a Quote"},"content":{"rendered":"\t\t<div data-elementor-type=\"wp-page\" data-elementor-id=\"46\" class=\"elementor elementor-46\" data-elementor-settings=\"[]\">\n\t\t\t\t\t\t\t<div class=\"elementor-section-wrap\">\n\t\t\t\t\t\t\t<section class=\"elementor-section elementor-top-section elementor-element elementor-element-57987070 elementor-section-full_width elementor-section-height-min-height elementor-section-items-bottom elementor-section-height-default\" data-id=\"57987070\" data-element_type=\"section\" data-settings=\"{&quot;background_background&quot;:&quot;classic&quot;}\">\n\t\t\t\t\t\t\t<div class=\"elementor-background-overlay\"><\/div>\n\t\t\t\t\t\t\t<div class=\"elementor-container elementor-column-gap-no\">\n\t\t\t\t\t<div class=\"elementor-column elementor-col-100 elementor-top-column elementor-element elementor-element-42dbf912\" data-id=\"42dbf912\" data-element_type=\"column\">\n\t\t\t<div class=\"elementor-widget-wrap elementor-element-populated\">\n\t\t\t\t\t\t\t\t<div class=\"elementor-element elementor-element-24d622af elementor-widget__width-initial elementor-widget-divider--separator-type-pattern elementor-widget-divider--no-spacing elementor-widget-divider--view-line elementor-invisible elementor-widget elementor-widget-divider\" data-id=\"24d622af\" data-element_type=\"widget\" data-settings=\"{&quot;_animation&quot;:&quot;fadeInUp&quot;}\" data-widget_type=\"divider.default\">\n\t\t\t\t<div class=\"elementor-widget-container\">\n\t\t\t\t\t<div class=\"elementor-divider\" style=\"--divider-pattern-url: url(&quot;data:image\/svg+xml,%3Csvg xmlns=&#039;http:\/\/www.w3.org\/2000\/svg&#039; preserveAspectRatio=&#039;xMidYMid meet&#039; overflow=&#039;visible&#039; height=&#039;100%&#039; viewBox=&#039;0 0 126 26&#039; fill=&#039;black&#039; stroke=&#039;none&#039;%3E%3Cpath d=&#039;M46.8,7.8v11.5L36,18.6V7.8H46.8z M82.4,7.8L84,18.6l-12,0.7L70.4,7.8H82.4z M0,7.8l12,0.9v9.9H1.3L0,7.8z M30,7.8v10.8H19L18,7.8H30z M63.7,7.8L66,18.6H54V9.5L63.7,7.8z M89.8,7L102,7.8v10.8H91.2L89.8,7zM108,7.8l12,0.9v8.9l-12,1V7.8z&#039;\/%3E%3C\/svg%3E&quot;);\">\n\t\t\t<span class=\"elementor-divider-separator\">\n\t\t\t\t\t\t<\/span>\n\t\t<\/div>\n\t\t\t\t<\/div>\n\t\t\t\t<\/div>\n\t\t\t\t<div class=\"elementor-element elementor-element-43057f21 elementor-widget elementor-widget-heading\" data-id=\"43057f21\" data-element_type=\"widget\" data-widget_type=\"heading.default\">\n\t\t\t\t<div class=\"elementor-widget-container\">\n\t\t\t<h1 class=\"elementor-heading-title elementor-size-default\">Cont\u00e1ctenos<\/h1>\t\t<\/div>\n\t\t\t\t<\/div>\n\t\t\t\t\t<\/div>\n\t\t<\/div>\n\t\t\t\t\t\t\t<\/div>\n\t\t<\/section>\n\t\t\t\t<section class=\"elementor-section elementor-top-section elementor-element elementor-element-354b8d84 elementor-section-full_width elementor-section-height-min-height elementor-section-items-stretch elementor-section-content-middle elementor-section-height-default\" data-id=\"354b8d84\" data-element_type=\"section\">\n\t\t\t\t\t\t<div class=\"elementor-container elementor-column-gap-no\">\n\t\t\t\t\t<div class=\"elementor-column elementor-col-50 elementor-top-column elementor-element elementor-element-3736e3e6\" data-id=\"3736e3e6\" data-element_type=\"column\" data-settings=\"{&quot;background_background&quot;:&quot;classic&quot;}\">\n\t\t\t<div class=\"elementor-widget-wrap elementor-element-populated\">\n\t\t\t\t\t\t\t\t<div class=\"elementor-element elementor-element-be798c7 elementor-widget elementor-widget-spacer\" data-id=\"be798c7\" data-element_type=\"widget\" data-widget_type=\"spacer.default\">\n\t\t\t\t<div class=\"elementor-widget-container\">\n\t\t\t\t\t<div class=\"elementor-spacer\">\n\t\t\t<div class=\"elementor-spacer-inner\"><\/div>\n\t\t<\/div>\n\t\t\t\t<\/div>\n\t\t\t\t<\/div>\n\t\t\t\t\t<\/div>\n\t\t<\/div>\n\t\t\t\t<div class=\"elementor-column elementor-col-50 elementor-top-column elementor-element elementor-element-42079ef9\" data-id=\"42079ef9\" data-element_type=\"column\">\n\t\t\t<div class=\"elementor-widget-wrap elementor-element-populated\">\n\t\t\t\t\t\t\t\t<div class=\"elementor-element elementor-element-1fc17f92 elementor-widget elementor-widget-heading\" data-id=\"1fc17f92\" data-element_type=\"widget\" data-widget_type=\"heading.default\">\n\t\t\t\t<div class=\"elementor-widget-container\">\n\t\t\t<h1 class=\"elementor-heading-title elementor-size-default\">Complete el formulario, nos comunicaremos con usted a la brevedad.<\/h1>\t\t<\/div>\n\t\t\t\t<\/div>\n\t\t\t\t<div class=\"elementor-element elementor-element-2e3320dc elementor-widget elementor-widget-text-editor\" data-id=\"2e3320dc\" data-element_type=\"widget\" data-widget_type=\"text-editor.default\">\n\t\t\t\t<div class=\"elementor-widget-container\">\n\t\t\t\t\t\t\t<p style=\"text-align: left;\">Estaremos gustosos de atenderlo, ingrese los datos y estaremos en contacto, para resolver sus inquietudes y\/o consertar una reuni\u00f3n donde le explicaremos los pormenores de nuestro servicio que tiene a su disposici\u00f3n.<\/p>\t\t\t\t\t\t<\/div>\n\t\t\t\t<\/div>\n\t\t\t\t<div class=\"elementor-element elementor-element-1453bad2 elementor-button-align-end elementor-widget elementor-widget-form\" data-id=\"1453bad2\" data-element_type=\"widget\" data-settings=\"{&quot;step_next_label&quot;:&quot;Next&quot;,&quot;step_previous_label&quot;:&quot;Previous&quot;,&quot;button_width&quot;:&quot;100&quot;,&quot;step_type&quot;:&quot;number_text&quot;,&quot;step_icon_shape&quot;:&quot;circle&quot;}\" data-widget_type=\"form.default\">\n\t\t\t\t<div class=\"elementor-widget-container\">\n\t\t\t\t\t<form class=\"elementor-form\" method=\"post\" name=\"Contact Form\">\n\t\t\t<input type=\"hidden\" name=\"post_id\" value=\"46\"\/>\n\t\t\t<input type=\"hidden\" name=\"form_id\" value=\"1453bad2\"\/>\n\t\t\t<input type=\"hidden\" name=\"referer_title\" value=\"\" \/>\n\n\t\t\t\n\t\t\t<div class=\"elementor-form-fields-wrapper elementor-labels-\">\n\t\t\t\t\t\t\t\t<div class=\"elementor-field-type-text elementor-field-group elementor-column elementor-field-group-name elementor-col-50 elementor-field-required\">\n\t\t\t\t\t<label for=\"form-field-name\" class=\"elementor-field-label elementor-screen-only\">First Name<\/label><input size=\"1\" type=\"text\" name=\"form_fields[name]\" id=\"form-field-name\" class=\"elementor-field elementor-size-sm  elementor-field-textual\" placeholder=\"Nombres\" required=\"required\" aria-required=\"true\">\t\t\t\t<\/div>\n\t\t\t\t\t\t\t\t<div class=\"elementor-field-type-text elementor-field-group elementor-column elementor-field-group-field_4ac9992 elementor-col-50 elementor-field-required\">\n\t\t\t\t\t<label for=\"form-field-field_4ac9992\" class=\"elementor-field-label elementor-screen-only\">Last Name<\/label><input size=\"1\" type=\"text\" name=\"form_fields[field_4ac9992]\" id=\"form-field-field_4ac9992\" class=\"elementor-field elementor-size-sm  elementor-field-textual\" placeholder=\"Apellidos\" required=\"required\" aria-required=\"true\">\t\t\t\t<\/div>\n\t\t\t\t\t\t\t\t<div class=\"elementor-field-type-tel elementor-field-group elementor-column elementor-field-group-field_b5e7089 elementor-col-50 elementor-field-required\">\n\t\t\t\t\t<label for=\"form-field-field_b5e7089\" class=\"elementor-field-label elementor-screen-only\">Phone Number<\/label><input size=\"1\" type=\"tel\" name=\"form_fields[field_b5e7089]\" id=\"form-field-field_b5e7089\" class=\"elementor-field elementor-size-sm  elementor-field-textual\" placeholder=\"Tel\u00e9fono\" required=\"required\" aria-required=\"true\" pattern=\"[0-9()#&amp;+*-=.]+\" title=\"Only numbers and phone characters (#, -, *, etc) are accepted.\">\t\t\t\t<\/div>\n\t\t\t\t\t\t\t\t<div class=\"elementor-field-type-email elementor-field-group elementor-column elementor-field-group-email elementor-col-50 elementor-field-required\">\n\t\t\t\t\t<label for=\"form-field-email\" class=\"elementor-field-label elementor-screen-only\">Email Address<\/label><input size=\"1\" type=\"email\" name=\"form_fields[email]\" id=\"form-field-email\" class=\"elementor-field elementor-size-sm  elementor-field-textual\" placeholder=\"Correo\" required=\"required\" aria-required=\"true\">\t\t\t\t<\/div>\n\t\t\t\t\t\t\t\t<div class=\"elementor-field-type-select elementor-field-group elementor-column elementor-field-group-field_c1c8107 elementor-col-50\">\n\t\t\t\t\t<label for=\"form-field-field_c1c8107\" class=\"elementor-field-label elementor-screen-only\">Choose a service<\/label>\t\t<div class=\"elementor-field elementor-select-wrapper \">\n\t\t\t<select name=\"form_fields[field_c1c8107]\" id=\"form-field-field_c1c8107\" class=\"elementor-field-textual elementor-size-sm\">\n\t\t\t\t<option value=\"Elija un Servicio\">Elija un Servicio<\/option><option value=\"Importaci\u00f3n\">Importaci\u00f3n<\/option><option value=\"Exportaci\u00f3n\">Exportaci\u00f3n<\/option><option value=\"Otros\">Otros<\/option>\t\t\t<\/select>\n\t\t<\/div>\n\t\t\t\t\t\t<\/div>\n\t\t\t\t\t\t\t\t<div class=\"elementor-field-type-date elementor-field-group elementor-column elementor-field-group-field_7c6f681 elementor-col-50\">\n\t\t\t\t\t<label for=\"form-field-field_7c6f681\" class=\"elementor-field-label elementor-screen-only\">Moving Date<\/label><input type=\"date\" name=\"form_fields[field_7c6f681]\" id=\"form-field-field_7c6f681\" class=\"elementor-field elementor-size-sm  elementor-field-textual elementor-date-field\" placeholder=\"Fecha\" pattern=\"[0-9]{4}-[0-9]{2}-[0-9]{2}\">\t\t\t\t<\/div>\n\t\t\t\t\t\t\t\t<div class=\"elementor-field-type-textarea elementor-field-group elementor-column elementor-field-group-message elementor-col-100 elementor-field-required\">\n\t\t\t\t\t<label for=\"form-field-message\" class=\"elementor-field-label elementor-screen-only\">More Information<\/label><textarea class=\"elementor-field-textual elementor-field  elementor-size-sm\" name=\"form_fields[message]\" id=\"form-field-message\" rows=\"4\" placeholder=\"M\u00e1s Informaci\u00f3n\" required=\"required\" aria-required=\"true\"><\/textarea>\t\t\t\t<\/div>\n\t\t\t\t\t\t\t\t<div class=\"elementor-field-group elementor-column elementor-field-type-submit elementor-col-100 e-form__buttons\">\n\t\t\t\t\t<button type=\"submit\" class=\"elementor-button elementor-size-sm\">\n\t\t\t\t\t\t<span >\n\t\t\t\t\t\t\t\t\t\t\t\t\t\t\t<span class=\" elementor-button-icon\">\n\t\t\t\t\t\t\t\t\t\t\t\t\t\t\t\t\t\t\t\t\t\t\t\t\t\t<\/span>\n\t\t\t\t\t\t\t\t\t\t\t\t\t\t\t\t\t\t\t\t\t\t<span class=\"elementor-button-text\">Enviar<\/span>\n\t\t\t\t\t\t\t\t\t\t\t\t\t<\/span>\n\t\t\t\t\t<\/button>\n\t\t\t\t<\/div>\n\t\t\t<\/div>\n\t\t<\/form>\n\t\t\t\t<\/div>\n\t\t\t\t<\/div>\n\t\t\t\t\t<\/div>\n\t\t<\/div>\n\t\t\t\t\t\t\t<\/div>\n\t\t<\/section>\n\t\t\t\t<section class=\"elementor-section elementor-top-section elementor-element elementor-element-17e17bd0 elementor-section-full_width elementor-section-height-default elementor-section-height-default\" data-id=\"17e17bd0\" data-element_type=\"section\">\n\t\t\t\t\t\t<div class=\"elementor-container elementor-column-gap-no\">\n\t\t\t\t\t<div class=\"elementor-column elementor-col-100 elementor-top-column elementor-element elementor-element-32650c62\" data-id=\"32650c62\" data-element_type=\"column\">\n\t\t\t<div class=\"elementor-widget-wrap elementor-element-populated\">\n\t\t\t\t\t\t\t\t<div class=\"elementor-element elementor-element-58c7e9d4 elementor-widget elementor-widget-heading\" data-id=\"58c7e9d4\" data-element_type=\"widget\" data-widget_type=\"heading.default\">\n\t\t\t\t<div class=\"elementor-widget-container\">\n\t\t\t<h2 class=\"elementor-heading-title elementor-size-default\">Para m\u00e1s Informaci\u00f3n<\/h2>\t\t<\/div>\n\t\t\t\t<\/div>\n\t\t\t\t<section class=\"elementor-section elementor-inner-section elementor-element elementor-element-17b9521c elementor-section-full_width elementor-section-height-default elementor-section-height-default\" data-id=\"17b9521c\" data-element_type=\"section\">\n\t\t\t\t\t\t<div class=\"elementor-container elementor-column-gap-no\">\n\t\t\t\t\t<div class=\"elementor-column elementor-col-25 elementor-inner-column elementor-element elementor-element-a8bb868\" data-id=\"a8bb868\" data-element_type=\"column\">\n\t\t\t<div class=\"elementor-widget-wrap elementor-element-populated\">\n\t\t\t\t\t\t\t\t<div class=\"elementor-element elementor-element-75ef8f27 elementor-view-framed elementor-shape-square elementor-position-top elementor-vertical-align-top elementor-widget elementor-widget-icon-box\" data-id=\"75ef8f27\" data-element_type=\"widget\" data-widget_type=\"icon-box.default\">\n\t\t\t\t<div class=\"elementor-widget-container\">\n\t\t\t\t\t<div class=\"elementor-icon-box-wrapper\">\n\t\t\t\t\t\t<div class=\"elementor-icon-box-icon\">\n\t\t\t\t<span class=\"elementor-icon elementor-animation-grow\" >\n\t\t\t\t<svg xmlns=\"http:\/\/www.w3.org\/2000\/svg\" id=\"aa37255b-50d1-4d89-927f-3e52b0f0280f\" data-name=\"Layer 1\" width=\"56\" height=\"56\" viewBox=\"0 0 56 56\"><rect width=\"56\" height=\"56\" style=\"fill:none\"><\/rect><path d=\"M28,2C13.3878,2,1.5,13.6635,1.5,28S13.3878,54,28,54,54.5,42.3365,54.5,28,42.6122,2,28,2Zm0,49.92A24.1807,24.1807,0,0,1,3.62,28,24.1807,24.1807,0,0,1,28,4.08,24.1807,24.1807,0,0,1,52.38,28,24.1807,24.1807,0,0,1,28,51.92Z\" style=\"fill-rule:evenodd\"><\/path><polygon points=\"28.705 13 26.5 13 26.5 29.263 36.941 39 38.5 37.546 28.705 28.411 28.705 13\" style=\"fill-rule:evenodd\"><\/polygon><\/svg>\t\t\t\t<\/span>\n\t\t\t<\/div>\n\t\t\t\t\t\t<div class=\"elementor-icon-box-content\">\n\t\t\t\t<h4 class=\"elementor-icon-box-title\">\n\t\t\t\t\t<span  >\n\t\t\t\t\t\tAtendemos 24\/7\t\t\t\t\t<\/span>\n\t\t\t\t<\/h4>\n\t\t\t\t\t\t\t\t\t<p class=\"elementor-icon-box-description\">\n\t\t\t\t\t\tCont\u00e1ctenos\t\t\t\t\t<\/p>\n\t\t\t\t\t\t\t<\/div>\n\t\t<\/div>\n\t\t\t\t<\/div>\n\t\t\t\t<\/div>\n\t\t\t\t\t<\/div>\n\t\t<\/div>\n\t\t\t\t<div class=\"elementor-column elementor-col-25 elementor-inner-column elementor-element elementor-element-3e557b87\" data-id=\"3e557b87\" data-element_type=\"column\">\n\t\t\t<div class=\"elementor-widget-wrap elementor-element-populated\">\n\t\t\t\t\t\t\t\t<div class=\"elementor-element elementor-element-5a507983 elementor-view-framed elementor-shape-square elementor-position-top elementor-vertical-align-top elementor-widget elementor-widget-icon-box\" data-id=\"5a507983\" data-element_type=\"widget\" data-widget_type=\"icon-box.default\">\n\t\t\t\t<div class=\"elementor-widget-container\">\n\t\t\t\t\t<div class=\"elementor-icon-box-wrapper\">\n\t\t\t\t\t\t<div class=\"elementor-icon-box-icon\">\n\t\t\t\t<span class=\"elementor-icon elementor-animation-grow\" >\n\t\t\t\t<svg xmlns=\"http:\/\/www.w3.org\/2000\/svg\" id=\"fecd958a-55cf-4b95-a9f2-8f5dc09b09fc\" data-name=\"Layer 1\" width=\"56\" height=\"56\" viewBox=\"0 0 56 56\"><rect width=\"56\" height=\"56\" style=\"fill:none\"><\/rect><path d=\"M28,0A19.4082,19.4082,0,0,0,11.41,29.63L27.609,55.6265A.79.79,0,0,0,28.2833,56h.009a.7987.7987,0,0,0,.6719-.3841L44.75,29.3678A19.4089,19.4089,0,0,0,28,0ZM43.3879,28.5565,28.2714,53.6915,12.7589,28.7969a17.898,17.898,0,1,1,33.1652-9.3776A17.7627,17.7627,0,0,1,43.3879,28.5565Z\" style=\"fill-rule:evenodd\"><\/path><path d=\"M28,11a9.2707,9.2707,0,0,0-9.5,9A9.2707,9.2707,0,0,0,28,29a9.6791,9.6791,0,0,0,6.7642-2.67A8.7385,8.7385,0,0,0,37.5,20,9.2707,9.2707,0,0,0,28,11Zm0,16.4854A7.71,7.71,0,0,1,20.0988,20,7.71,7.71,0,0,1,28,12.5146,7.7042,7.7042,0,0,1,35.89,20,7.7042,7.7042,0,0,1,28,27.4854Z\" style=\"fill-rule:evenodd\"><\/path><\/svg>\t\t\t\t<\/span>\n\t\t\t<\/div>\n\t\t\t\t\t\t<div class=\"elementor-icon-box-content\">\n\t\t\t\t<h4 class=\"elementor-icon-box-title\">\n\t\t\t\t\t<span  >\n\t\t\t\t\t\tDirecci\u00f3n\t\t\t\t\t<\/span>\n\t\t\t\t<\/h4>\n\t\t\t\t\t\t\t\t\t<p class=\"elementor-icon-box-description\">\n\t\t\t\t\t\tCa. Miguel Capurro #216 Urb. Industrial La Chalaca - Callao\t\t\t\t\t<\/p>\n\t\t\t\t\t\t\t<\/div>\n\t\t<\/div>\n\t\t\t\t<\/div>\n\t\t\t\t<\/div>\n\t\t\t\t\t<\/div>\n\t\t<\/div>\n\t\t\t\t<div class=\"elementor-column elementor-col-25 elementor-inner-column elementor-element elementor-element-3f4c5aa1\" data-id=\"3f4c5aa1\" data-element_type=\"column\">\n\t\t\t<div class=\"elementor-widget-wrap elementor-element-populated\">\n\t\t\t\t\t\t\t\t<div class=\"elementor-element elementor-element-1d34a8f6 elementor-view-framed elementor-shape-square elementor-position-top elementor-vertical-align-top elementor-widget elementor-widget-icon-box\" data-id=\"1d34a8f6\" data-element_type=\"widget\" data-widget_type=\"icon-box.default\">\n\t\t\t\t<div class=\"elementor-widget-container\">\n\t\t\t\t\t<div class=\"elementor-icon-box-wrapper\">\n\t\t\t\t\t\t<div class=\"elementor-icon-box-icon\">\n\t\t\t\t<span class=\"elementor-icon elementor-animation-grow\" >\n\t\t\t\t<svg xmlns=\"http:\/\/www.w3.org\/2000\/svg\" id=\"abb48461-f240-4cbb-a1c9-947687c72265\" data-name=\"Layer 1\" width=\"56\" height=\"56\" viewBox=\"0 0 56 56\"><rect width=\"56\" height=\"56\" style=\"fill:none\"><\/rect><path d=\"M48.5318,36.1059a28.2157,28.2157,0,0,1-8.8731-1.4149,3.4272,3.4272,0,0,0-1.1177-.1843,3.3013,3.3013,0,0,0-2.3345.934l-5.73,4.3277-.2148-.1143A31.4394,31.4394,0,0,1,16.3428,25.7379l-.1127-.2141,4.2476-5.6389a3.512,3.512,0,0,0,.86-3.5375A28.2865,28.2865,0,0,1,19.92,7.4689,3.4722,3.4722,0,0,0,16.4518,4H7.4689A3.4729,3.4729,0,0,0,4,7.4689,44.5825,44.5825,0,0,0,48.5318,52,3.4722,3.4722,0,0,0,52,48.5311v-8.957A3.4721,3.4721,0,0,0,48.5318,36.1059Zm1.664,12.4252a1.6667,1.6667,0,0,1-1.664,1.6647A42.7759,42.7759,0,0,1,5.8042,7.4689,1.6664,1.6664,0,0,1,7.4689,5.8042h8.9829a1.6663,1.6663,0,0,1,1.664,1.6647,30.0716,30.0716,0,0,0,1.5018,9.4339,1.749,1.749,0,0,1-.5007,1.805l-4.67,6.1844a.9066.9066,0,0,0-.0831.9531A33.328,33.328,0,0,0,30.157,41.6389a.8875.8875,0,0,0,.4076.099.91.91,0,0,0,.5447-.1828l6.28-4.7558a1.6694,1.6694,0,0,1,1.6945-.397,30.0529,30.0529,0,0,0,9.4476,1.5085,1.6655,1.6655,0,0,1,1.664,1.6633Z\" style=\"fill-rule:evenodd\"><\/path><\/svg>\t\t\t\t<\/span>\n\t\t\t<\/div>\n\t\t\t\t\t\t<div class=\"elementor-icon-box-content\">\n\t\t\t\t<h4 class=\"elementor-icon-box-title\">\n\t\t\t\t\t<span  >\n\t\t\t\t\t\tLl\u00e1manos\t\t\t\t\t<\/span>\n\t\t\t\t<\/h4>\n\t\t\t\t\t\t\t\t\t<p class=\"elementor-icon-box-description\">\n\t\t\t\t\t\t465-7100 Anx. 10 Central Operaciones Anx. 19 Administraci\u00f3n Anx. 22\n\t\t\t\t\t<\/p>\n\t\t\t\t\t\t\t<\/div>\n\t\t<\/div>\n\t\t\t\t<\/div>\n\t\t\t\t<\/div>\n\t\t\t\t\t<\/div>\n\t\t<\/div>\n\t\t\t\t<div class=\"elementor-column elementor-col-25 elementor-inner-column elementor-element elementor-element-65a9832a\" data-id=\"65a9832a\" data-element_type=\"column\">\n\t\t\t<div class=\"elementor-widget-wrap elementor-element-populated\">\n\t\t\t\t\t\t\t\t<div class=\"elementor-element elementor-element-6b3325cd elementor-view-framed elementor-shape-square elementor-position-top elementor-vertical-align-top elementor-widget elementor-widget-icon-box\" data-id=\"6b3325cd\" data-element_type=\"widget\" data-widget_type=\"icon-box.default\">\n\t\t\t\t<div class=\"elementor-widget-container\">\n\t\t\t\t\t<div class=\"elementor-icon-box-wrapper\">\n\t\t\t\t\t\t<div class=\"elementor-icon-box-icon\">\n\t\t\t\t<span class=\"elementor-icon elementor-animation-grow\" >\n\t\t\t\t<svg xmlns=\"http:\/\/www.w3.org\/2000\/svg\" id=\"f8193b28-ee02-48bd-a8b2-29960b97c8a7\" data-name=\"Layer 1\" width=\"56\" height=\"56\" viewBox=\"0 0 56 56\"><rect width=\"56\" height=\"56\" style=\"fill:none\"><\/rect><path d=\"M48.3373,10H7.6627A3.6547,3.6547,0,0,0,4,13.6383V42.3617A3.6547,3.6547,0,0,0,7.6627,46H48.3373A3.6547,3.6547,0,0,0,52,42.3617V13.6383A3.6547,3.6547,0,0,0,48.3373,10Zm1.03,1.5319L28.094,32.6638,6.6367,11.5319ZM5.5422,12.6111,21.0988,27.9318,5.5422,43.385Zm1.09,31.857L22.1939,29.01l5.36,5.2784a.775.775,0,0,0,1.0882-.0024l5.2378-5.203L49.3674,44.4681Zm43.8252-1.0832L34.97,28,50.4578,12.615Z\" style=\"fill-rule:evenodd\"><\/path><\/svg>\t\t\t\t<\/span>\n\t\t\t<\/div>\n\t\t\t\t\t\t<div class=\"elementor-icon-box-content\">\n\t\t\t\t<h4 class=\"elementor-icon-box-title\">\n\t\t\t\t\t<span  >\n\t\t\t\t\t\tCorreo\t\t\t\t\t<\/span>\n\t\t\t\t<\/h4>\n\t\t\t\t\t\t\t\t\t<p class=\"elementor-icon-box-description\">\n\t\t\t\t\t\tinfo@lavallesuito.com\t\t\t\t\t<\/p>\n\t\t\t\t\t\t\t<\/div>\n\t\t<\/div>\n\t\t\t\t<\/div>\n\t\t\t\t<\/div>\n\t\t\t\t\t<\/div>\n\t\t<\/div>\n\t\t\t\t\t\t\t<\/div>\n\t\t<\/section>\n\t\t\t\t\t<\/div>\n\t\t<\/div>\n\t\t\t\t\t\t\t<\/div>\n\t\t<\/section>\n\t\t\t\t\t\t<\/div>\n\t\t\t\t\t<\/div>\n\t\t","protected":false},"excerpt":{"rendered":"<p>Cont\u00e1ctenos Complete el formulario, nos comunicaremos con usted a la brevedad. Estaremos gustosos de atenderlo, ingrese los datos y estaremos en contacto, para resolver sus inquietudes y\/o consertar una reuni\u00f3n donde le explicaremos los pormenores de nuestro servicio que tiene a su disposici\u00f3n. Para m\u00e1s Informaci\u00f3n Atendemos 24\/7 Cont\u00e1ctenos Direcci\u00f3n Ca. Miguel Capurro #216 Urb.&hellip; <a class=\"more-link\" href=\"https:\/\/servcli.com\/maritza\/get-a-quote\/\">Seguir leyendo <span class=\"screen-reader-text\">Get a Quote<\/span><\/a><\/p>\n","protected":false},"author":1,"featured_media":0,"parent":0,"menu_order":0,"comment_status":"closed","ping_status":"closed","template":"elementor_header_footer","meta":{"footnotes":""},"class_list":["post-46","page","type-page","status-publish","hentry","entry"],"_links":{"self":[{"href":"https:\/\/servcli.com\/maritza\/wp-json\/wp\/v2\/pages\/46","targetHints":{"allow":["GET"]}}],"collection":[{"href":"https:\/\/servcli.com\/maritza\/wp-json\/wp\/v2\/pages"}],"about":[{"href":"https:\/\/servcli.com\/maritza\/wp-json\/wp\/v2\/types\/page"}],"author":[{"embeddable":true,"href":"https:\/\/servcli.com\/maritza\/wp-json\/wp\/v2\/users\/1"}],"replies":[{"embeddable":true,"href":"https:\/\/servcli.com\/maritza\/wp-json\/wp\/v2\/comments?post=46"}],"version-history":[{"count":65,"href":"https:\/\/servcli.com\/maritza\/wp-json\/wp\/v2\/pages\/46\/revisions"}],"predecessor-version":[{"id":639,"href":"https:\/\/servcli.com\/maritza\/wp-json\/wp\/v2\/pages\/46\/revisions\/639"}],"wp:attachment":[{"href":"https:\/\/servcli.com\/maritza\/wp-json\/wp\/v2\/media?parent=46"}],"curies":[{"name":"wp","href":"https:\/\/api.w.org\/{rel}","templated":true}]}}